{"id":91,"date":"2025-06-26T17:22:23","date_gmt":"2025-06-26T17:22:23","guid":{"rendered":"https:\/\/viperiptv.live\/?page_id=91"},"modified":"2025-06-26T20:08:21","modified_gmt":"2025-06-26T19:08:21","slug":"contactez-nous-viper-iptv-maroc","status":"publish","type":"page","link":"https:\/\/viperiptv.live\/?page_id=91","title":{"rendered":"Contactez-nous \u2013 Viper IPTV Maroc"},"content":{"rendered":"\n<p>Vous avez une question, besoin d\u2019aide ou souhaitez activer un pack IPTV<br>Notre \u00e9quipe est disponible 24 heures sur 24 et 7 jours sur 7 pour vous r\u00e9pondre rapidement<\/p>\n\n\n\n<hr class=\"wp-block-separator has-alpha-channel-opacity\"\/>\n\n\n<div id=\"lfb_bootstraped\" class=\"lfb_bootstraped notranslate\"><div id=\"lfb_form\" data-usevisual=\"0\" data-progressbar=\"2\" data-qttype=\"0\" data-imgtitlesstyle=\"\" data-emaillaststep=\"0\" data-showsteps=\"true\"      data-formtitle=\"contact me\" data-formsession=\"6a075035ddd9d\" data-autoclick=\"1\"  data-subs=\"\" data-form=\"16\" class=\"lfb_bootstraped  \" data-stylefields=\"glassmorphic\" data-animspeed=\"0\" data-sumstepsclick=\"0\" data-sumhidesteps=\"0\">\r\n                <div id=\"lfb_loader\"><div class=\"lfb_spinner\"><div class=\"double-bounce1\"><\/div><div class=\"double-bounce2\"><\/div><\/div><\/div><div id=\"lfb_passModal\" class=\"modal\" data-backdrop=\"\"><div class=\"modal-dialog\"><div class=\"modal-content\"><div class=\"modal-header\"><span class=\"fas fa-lock\"><\/span><span>Forgot your password ?<\/span><a href=\"javascript:\" class=\"close\" data-bs-dismiss=\"modal\" aria-label=\"Close\"><span class=\"fas fa-times\"><\/span><\/a><\/div> <div class=\"modal-body p-0\">An email has been sent to your email address<\/div><div class=\"modal-footer\"><a href=\"javascript:\"  data-bs-dismiss=\"modal\" class=\"btn btn-primary btn-circle\"><span class=\"fas fa-check\"><\/span><\/a><\/div><\/div><\/div><\/div><div id=\"lfb_stripeModal\" class=\"modal\" data-backdrop=\"\"><div class=\"modal-dialog\"><div class=\"modal-content\"><div class=\"modal-header\"><div><span class=\"fab fa-cc-stripe\"><\/span><span>Make a payment<\/span><\/div><a href=\"javascript:\" class=\"close\" data-bs-dismiss=\"modal\" aria-label=\"Close\"><span class=\"fas fa-times\"><\/span><\/a><\/div> <div class=\"modal-body p-0\"><div data-panel=\"form\" class=\"p-2\"><div class=\"lfb_amountTextContainer\" class=\"p-2 mb-3 \"><div class=\"m-0 lfb_amountText text-center pb-2\">Total to pay :<br\/> <strong data-info=\"amount\">$5<\/strong><\/div><\/div><form method=\"post\" id=\"lfb_stripePaymentForm\" class=\"pl-4 pr-4 pt-3\" ><div class=\"row\"><div class=\"form-group col-md-6\"><div id=\"lfb_stripe_card-element\" class=\"form-control\"><\/div><\/div><div class=\"form-group col-md-3\"><div id=\"lfb_stripe_expiration-element\" class=\"form-control\"><\/div><\/div><div class=\"form-group col-md-3\"><div id=\"lfb_stripe_cvc-element\" class=\"form-control\"><\/div><\/div><div id=\"lfb_stripe_card-error\" class=\" col-md-12\"><\/div><div class=\"form-group col-md-12\"><input placeholder=\"Card owner name\" name=\"ownerName\" class=\"form-control\" type=\"text\"\/><\/div><\/div><\/form><div class=\"text-center lfb_stripeLogoContainer\"><img decoding=\"async\" class=\"lfb_stripeLogo\" src=\"http:\/\/viperiptv.live\/wp-content\/uploads\/2025\/06\/powered_by_stripe@2x.png\" alt=\"Powered by Stripe\" \/><\/div><\/div><div data-panel=\"loading\"><div class=\" text-center\"><span class=\"fas fa-hourglass-half big\"><\/span><\/div><\/div><div data-panel=\"fail\"><div class=\"text-center\"><p><span class=\"fas fa-times big\"><\/span><\/p><div>Payment could not be made<\/div><div data-info=\"error\" class=\"text-center\"><\/div><\/div><\/div><\/div><div class=\"modal-footer\"><a href=\"javascript:\" data-action=\"pay\"  class=\"btn btn-primary\"><span class=\"fas fa-check\"><\/span>Pay now<\/a><\/div><\/div><\/div><\/div><a id=\"lfb_close_btn\" href=\"javascript:\"><span class=\"fas fa-times\"><\/span><\/a>\r\n                <div id=\"lfb_panel\">\r\n                <div class=\"container-fluid\">\r\n                    <div class=\"row\">\r\n                        <div class=\"\" ><p class=\"lfb_startBtnContainer lfb-hidden\">\r\n                                <a href=\"javascript:\"  class=\"btn btn-large btn-primary\" id=\"lfb_btnStart\"><span class=\"fa fa-check\"><\/span>GET STARTED<\/a>\r\n                            <\/p> <div id=\"genPrice\" class=\"genPrice lfb-hidden\">\r\n                                <div class=\"progress\">\r\n                                    <div class=\"progress-bar\">\r\n                                        <div class=\"progress-bar-price \">\r\n                                            <span>0$<\/span>\r\n                                            \r\n                                        <\/div>\r\n                                    <\/div>\r\n\r\n                                <\/div>\r\n                            <\/div>\r\n                            <!-- \/genPrice --><h2 id=\"finalText\" class=\"lfb_stepTitle\">Thank you, we will contact you soon !<\/h2>\r\n                        <\/div>\r\n                        <!-- \/col -->\r\n                    <\/div>\r\n                    <!-- \/row -->\r\n                <div id=\"lfb_mainPanel\" class=\"palette-clouds\" data-savecart=\"0\"> <input type=\"hidden\" name=\"action\" value=\"lfb_upload_form\"\/>\r\n                <input type=\"hidden\" id=\"lfb_formSession\" name=\"formSession\" value=\"6a075035ddd9d\"\/><div class=\"lfb_genSlide\" id=\"finalSlide\" data-stepid=\"final\" data-title=\"Contact us !\">\r\n                <h2 class=\"lfb_stepTitle\">Contact us !<\/h2>\r\n                <div class=\"lfb_genContent container\">\r\n                    <div class=\"row lfb_row lfb_genContentSlide active  lfb_sortable\">\r\n                        <p id=\"lfb_finalLabel\" class=\"lfb-hidden\">The final estimated price is :<\/p><div id=\"lfb_finalPrice\" class=\"lfb-hidden\"><span><\/span><\/div><div id=\"lfb_subTxtValue\" class=\"lfb_dynamicHide\"><\/div><div class=\"lfb_itemBloc col-md-2  lfb_item lfb_itemContainer_580  \" data-alignment=\"0\" data-id=\"580\" data-itemtype=\"textfield\"><div class=\"form-group\"><label>Pr\u00e9nom<\/label>\r\n                 <div class=\"input-group\"><span class=\"input-group-addon\" id=\"basic-addon1\"><span class=\"fas fa-user-tie\"><\/span><\/span><input   data-prefill=\"\" data-urlvariable=\"1\" data-sentattribute=\"price\"  data-variablename=\"\"  data-type=\"textfield\" type=\"text\" data-validation=\"fill\" data-autocomplete=\"0\" placeholder=\"\" data-fieldtype=\"firstName\"           data-itemid=\"580\"   data-showinsummary=\"true\"  class=\"form-control\"  data-title=\"Pr\u00e9nom\" data-originaltitle=\"Pr\u00e9nom\"  data-originallabel=\"Pr\u00e9nom\"  \/><\/div><\/div><\/div><div class=\"lfb_itemBloc col-md-2  lfb_item lfb_itemContainer_581  \" data-alignment=\"0\" data-id=\"581\" data-itemtype=\"textfield\"><div class=\"form-group\"><label>Nom<\/label>\r\n                 <div class=\"input-group\"><span class=\"input-group-addon\" id=\"basic-addon1\"><span class=\"fas fa-user-tie\"><\/span><\/span><input   data-prefill=\"\" data-urlvariable=\"1\" data-sentattribute=\"price\"  data-variablename=\"\"  data-type=\"textfield\" type=\"text\" data-validation=\"fill\" data-autocomplete=\"0\" placeholder=\"\" data-fieldtype=\"lastName\"           data-itemid=\"581\"   data-showinsummary=\"true\"  class=\"form-control\"  data-title=\"Nom\" data-originaltitle=\"Nom\"  data-originallabel=\"Nom\"  \/><\/div><\/div><\/div><div class=\"lfb_itemBloc col-md-2  lfb_item lfb_itemContainer_582  \" data-alignment=\"0\" data-id=\"582\" data-itemtype=\"textfield\"><div class=\"form-group\"><label>Adresse<\/label>\r\n                 <div class=\"input-group\"><span class=\"input-group-addon\" id=\"basic-addon1\"><span class=\"fas fa-map-marked\"><\/span><\/span><input   data-prefill=\"\" data-urlvariable=\"1\" data-sentattribute=\"price\"  data-variablename=\"\"  data-type=\"textfield\" type=\"text\" data-validation=\"fill\" data-autocomplete=\"0\" placeholder=\"\" data-fieldtype=\"address\"           data-itemid=\"582\"   data-showinsummary=\"true\"  class=\"form-control\"  data-title=\"Adresse\" data-originaltitle=\"Adresse\"  data-originallabel=\"Adresse\"  \/><\/div><\/div><\/div><div class=\"lfb_itemBloc col-md-2  lfb_item lfb_itemContainer_583  \" data-alignment=\"0\" data-id=\"583\" data-itemtype=\"textfield\"><div class=\"form-group\"><label>Ville<\/label>\r\n                 <div class=\"input-group\"><span class=\"input-group-addon\" id=\"basic-addon1\"><span class=\"fas fa-city\"><\/span><\/span><input   data-prefill=\"\" data-urlvariable=\"1\" data-sentattribute=\"price\"  data-variablename=\"\"  data-type=\"textfield\" type=\"text\" data-validation=\"fill\" data-autocomplete=\"0\" placeholder=\"\" data-fieldtype=\"city\"           data-itemid=\"583\"   data-showinsummary=\"true\"  class=\"form-control\"  data-title=\"Ville\" data-originaltitle=\"Ville\"  data-originallabel=\"Ville\"  \/><\/div><\/div><\/div><div class=\"lfb_itemBloc col-md-2  lfb_item lfb_itemContainer_584  \" data-alignment=\"0\" data-id=\"584\" data-itemtype=\"textfield\"><div class=\"form-group\"><label>T\u00e9l\u00e9phone<\/label>\r\n                 <div class=\"input-group\"><span class=\"input-group-addon\" id=\"basic-addon1\"><span class=\"fas fa-phone\"><\/span><\/span><input   data-prefill=\"\" data-urlvariable=\"1\" data-sentattribute=\"price\" data-mask=\"(000)-0000\"  data-variablename=\"\"  data-type=\"textfield\" type=\"text\" data-validation=\"mask\" data-autocomplete=\"0\" placeholder=\"\" data-fieldtype=\"phone\"           data-itemid=\"584\"   data-showinsummary=\"true\"  class=\"form-control\"  data-title=\"T\u00e9l\u00e9phone\" data-originaltitle=\"T\u00e9l\u00e9phone\"  data-originallabel=\"T\u00e9l\u00e9phone\"  \/><\/div><\/div><\/div><div class=\"lfb_itemBloc col-md-2  lfb_item lfb_itemContainer_585  \" data-alignment=\"0\" data-id=\"585\" data-itemtype=\"textfield\"><div class=\"form-group\"><label>Email<\/label>\r\n                 <div class=\"input-group\"><span class=\"input-group-addon\" id=\"basic-addon1\"><span class=\"fas fa-envelope\"><\/span><\/span><input   data-prefill=\"\" data-urlvariable=\"1\" data-sentattribute=\"price\"  data-variablename=\"\"  data-type=\"textfield\" type=\"text\" data-validation=\"fill\" data-autocomplete=\"0\" placeholder=\"\" data-fieldtype=\"email\"       autocomplete=\"on\" name=\"email\"     data-itemid=\"585\"   data-showinsummary=\"true\"  class=\"form-control\"  data-title=\"Email\" data-originaltitle=\"Email\"  data-originallabel=\"Email\"  \/><\/div><\/div><\/div>\r\n                   <div id=\"lfb_summary\" class=\"lfb_summary table-responsive lfb-hidden\">\r\n                        <h3>Summary<\/h3>\r\n                        <table class=\"table table-bordered\">\r\n                            <thead>\r\n                                <th>Description<\/th>\r\n                                <th class=\"lfb_valueTh\">Information<\/th>\r\n                                <th class=\"lfb_quantityTh \">Quantity<\/th>\r\n                                <th class=\"lfb_priceTh \">Price<\/th>\r\n                            <\/thead>\r\n                            <tbody>\r\n                                <tr id=\"lfb_summaryDiscountTr\" class=\"lfb_static \"><th colspan=\"3\">Discount :<\/th><th id=\"lfb_summaryDiscount\"><span><\/span><\/th><\/tr>\r\n                                <tr id=\"lfb_summaryTotalTr\" class=\"lfb_static \"><th colspan=\"3\">Total :<\/th><th id=\"lfb_summaryTotal\"><span><\/span><\/th><\/tr>\r\n                            <\/tbody>\r\n                        <\/table>\r\n                    <\/div><div id=\"lfb_lastStepDown\"><\/div><div class=\"text-center lfb_btnNextContainer\"><a href=\"javascript:\" id=\"lfb_btnOrder\" class=\"btn btn-wide btn-primary\"><span class=\"far fa-paper-plane\"><\/span>Send<\/a><\/div><div class=\"clearfix\" data-tldinit=\"true\"><\/div><\/div><\/div><\/div><\/div><\/div><\/div><\/div><\/div>\n\n\n\n<h2 class=\"wp-block-heading\">WhatsApp (r\u00e9ponse rapide)<\/h2>\n\n\n\n<p>Contactez-nous directement via WhatsApp pour<\/p>\n\n\n\n<ul class=\"wp-block-list\">\n<li>Activer un pack Standard ou Premium<\/li>\n\n\n\n<li>Demander un test gratuit<\/li>\n\n\n\n<li>Obtenir de l\u2019aide pour l\u2019installation<\/li>\n\n\n\n<li>Modifier ou renouveler votre abonnement<\/li>\n<\/ul>\n\n\n\n<p>WhatsApp httpsviperiptvlivewhatsapp ou 212 638 499017<\/p>\n\n\n\n<hr class=\"wp-block-separator has-alpha-channel-opacity\"\/>\n\n\n\n<h2 class=\"wp-block-heading\">Par email<\/h2>\n\n\n\n<p>Envoyez-nous vos questions ou demandes \u00e0<br>Email supportviperiptvlive<\/p>\n\n\n\n<hr class=\"wp-block-separator has-alpha-channel-opacity\"\/>\n\n\n\n<h2 class=\"wp-block-heading\">Informations utiles<\/h2>\n\n\n\n<p>Horaires 24 heures sur 24 et 7 jours sur 7<br>Langues parl\u00e9es Fran\u00e7ais et Arabe<br>D\u00e9lai moyen de r\u00e9ponse entre 5 et 30 minutes<\/p>\n\n\n\n<hr class=\"wp-block-separator has-alpha-channel-opacity\"\/>\n\n\n\n<h2 class=\"wp-block-heading\">Besoin d\u2019aide imm\u00e9diate<\/h2>\n\n\n\n<p>Consultez nos pages utiles<\/p>\n\n\n\n<ul class=\"wp-block-list\">\n<li>Installation IPTV \u2013 Guide complet<\/li>\n\n\n\n<li>Foire aux questions<\/li>\n\n\n\n<li>Tester IPTV Gratuitement<\/li>\n<\/ul>\n\n\n\n<hr class=\"wp-block-separator has-alpha-channel-opacity\"\/>\n\n\n\n<p>Merci de faire confiance \u00e0 Viper IPTV \u2013 L\u2019exp\u00e9rience IPTV premium au Maroc<\/p>\n\n\n\n<p><\/p>\n","protected":false},"excerpt":{"rendered":"<p>Vous avez une question, besoin d\u2019aide ou souhaitez activer un pack IPTVNotre \u00e9quipe est disponible 24 heures sur 24 et 7 jours sur 7 pour vous r\u00e9pondre rapidement WhatsApp (r\u00e9ponse rapide) Contactez-nous directement via WhatsApp pour WhatsApp httpsviperiptvlivewhatsapp ou 212 638 499017 Par email Envoyez-nous vos questions ou demandes \u00e0Email supportviperiptvlive Informations utiles Horaires 24 [&hellip;]<\/p>\n","protected":false},"author":1,"featured_media":0,"parent":6,"menu_order":0,"comment_status":"closed","ping_status":"closed","template":"","meta":{"footnotes":""},"class_list":["post-91","page","type-page","status-publish","hentry"],"_links":{"self":[{"href":"https:\/\/viperiptv.live\/index.php?rest_route=\/wp\/v2\/pages\/91","targetHints":{"allow":["GET"]}}],"collection":[{"href":"https:\/\/viperiptv.live\/index.php?rest_route=\/wp\/v2\/pages"}],"about":[{"href":"https:\/\/viperiptv.live\/index.php?rest_route=\/wp\/v2\/types\/page"}],"author":[{"embeddable":true,"href":"https:\/\/viperiptv.live\/index.php?rest_route=\/wp\/v2\/users\/1"}],"replies":[{"embeddable":true,"href":"https:\/\/viperiptv.live\/index.php?rest_route=%2Fwp%2Fv2%2Fcomments&post=91"}],"version-history":[{"count":2,"href":"https:\/\/viperiptv.live\/index.php?rest_route=\/wp\/v2\/pages\/91\/revisions"}],"predecessor-version":[{"id":93,"href":"https:\/\/viperiptv.live\/index.php?rest_route=\/wp\/v2\/pages\/91\/revisions\/93"}],"up":[{"embeddable":true,"href":"https:\/\/viperiptv.live\/index.php?rest_route=\/wp\/v2\/pages\/6"}],"wp:attachment":[{"href":"https:\/\/viperiptv.live\/index.php?rest_route=%2Fwp%2Fv2%2Fmedia&parent=91"}],"curies":[{"name":"wp","href":"https:\/\/api.w.org\/{rel}","templated":true}]}}